{"id":131,"date":"2021-06-21T08:37:11","date_gmt":"2021-06-21T08:37:11","guid":{"rendered":"http:\/\/167.172.166.52\/shop\/"},"modified":"2026-03-02T08:56:06","modified_gmt":"2026-03-02T08:56:06","slug":"broschuren","status":"publish","type":"page","link":"https:\/\/parodontologie.ch\/it\/broschuren\/","title":{"rendered":"Opuscoli"},"content":{"rendered":"<div data-elementor-type=\"wp-page\" data-elementor-id=\"131\" data-post-id=\"131\" data-obj-id=\"131\" class=\"elementor elementor-131 dce-elementor-post-131\" data-elementor-post-type=\"page\">\n\t\t\t\t\t\t<section class=\"elementor-section elementor-top-section elementor-element elementor-element-7fecb922 elementor-section-boxed elementor-section-height-default elementor-section-height-default\" data-id=\"7fecb922\" data-element_type=\"section\">\n\t\t\t\t\t\t<div class=\"elementor-container elementor-column-gap-default\">\n\t\t\t\t\t<div class=\"elementor-column elementor-col-100 elementor-top-column elementor-element elementor-element-10e06a74\" data-id=\"10e06a74\" data-element_type=\"column\">\n\t\t\t<div class=\"elementor-widget-wrap elementor-element-populated\">\n\t\t\t\t\t\t<div class=\"elementor-element elementor-element-23bd26d elementor-widget elementor-widget-dce-iframe\" data-id=\"23bd26d\" data-element_type=\"widget\" data-widget_type=\"dce-iframe.default\">\n\t\t\t\t<div class=\"elementor-widget-container\">\n\t\t\t<iframe src=\"https:\/\/mein.fairgate.ch\/ssp\/bestellung_brosch_ren\" frameborder=\"0\" width=\"100%\" height=\"1400\"><\/iframe>\t\t<\/div>\n\t\t\t\t<\/div>\n\t\t\t\t\t<\/div>\n\t\t<\/div>\n\t\t\t\t\t<\/div>\n\t\t<\/section>\n\t\t\t\t<\/div>","protected":false},"excerpt":{"rendered":"<p><strong>PARODONTITE<\/strong><\/p>\n<p style=\"color: white; font-size: 26px;\">La gengiva sana non \u00e8 un caso<\/p>","protected":false},"author":776,"featured_media":0,"parent":0,"menu_order":0,"comment_status":"closed","ping_status":"closed","template":"templates\/broschuren.php","meta":{"_acf_changed":false,"footnotes":""},"class_list":["post-131","page","type-page","status-publish","hentry"],"acf":[],"yoast_head":"<!-- This site is optimized with the Yoast SEO plugin v27.0 - https:\/\/yoast.com\/product\/yoast-seo-wordpress\/ -->\n<title>Willkommen bei der Schweizerischen Gesellschaft f\u00fcr Parodontologie SSP<\/title>\n<meta name=\"description\" content=\"Die Schweizerische Gesellschaft f\u00fcr Parodontologie SSP f\u00f6rdert die Pr\u00e4vention der parodontalen Gesundheit in Praxis, Lehre und Forschung\" \/>\n<meta name=\"robots\" content=\"index, follow, max-snippet:-1, max-image-preview:large, max-video-preview:-1\" \/>\n<link rel=\"canonical\" href=\"https:\/\/parodontologie.ch\/it\/broschuren\/\" \/>\n<meta property=\"og:locale\" content=\"it_IT\" \/>\n<meta property=\"og:type\" content=\"article\" \/>\n<meta property=\"og:title\" content=\"Willkommen bei der Schweizerischen Gesellschaft f\u00fcr Parodontologie SSP\" \/>\n<meta property=\"og:description\" content=\"Die Schweizerische Gesellschaft f\u00fcr Parodontologie SSP f\u00f6rdert die Pr\u00e4vention der parodontalen Gesundheit in Praxis, Lehre und Forschung\" \/>\n<meta property=\"og:url\" content=\"https:\/\/parodontologie.ch\/it\/broschuren\/\" \/>\n<meta property=\"og:site_name\" content=\"Schweizerische Gesellschaft f\u00fcr Parodontologie: Herzlich willkommen!\" \/>\n<meta property=\"article:modified_time\" content=\"2026-03-02T08:56:06+00:00\" \/>\n<meta property=\"og:image\" content=\"https:\/\/parodontologie.ch\/wp-content\/uploads\/2022\/02\/ssp-seo-logo.png\" \/>\n\t<meta property=\"og:image:width\" content=\"1818\" \/>\n\t<meta property=\"og:image:height\" content=\"1689\" \/>\n\t<meta property=\"og:image:type\" content=\"image\/png\" \/>\n<meta name=\"twitter:card\" content=\"summary_large_image\" \/>\n<meta name=\"twitter:title\" content=\"Willkommen bei der Schweizerischen Gesellschaft f\u00fcr Parodontologie SSP\" \/>\n<meta name=\"twitter:description\" content=\"Die Schweizerische Gesellschaft f\u00fcr Parodontologie SSP f\u00f6rdert die Pr\u00e4vention der parodontalen Gesundheit in Praxis, Lehre und Forschung\" \/>\n<meta name=\"twitter:image\" content=\"https:\/\/parodontologie.ch\/wp-content\/uploads\/2022\/02\/ssp-seo-logo.png\" \/>\n<script type=\"application\/ld+json\" class=\"yoast-schema-graph\">{\"@context\":\"https:\/\/schema.org\",\"@graph\":[{\"@type\":\"WebPage\",\"@id\":\"https:\/\/parodontologie.ch\/broschuren\/\",\"url\":\"https:\/\/parodontologie.ch\/broschuren\/\",\"name\":\"Willkommen bei der Schweizerischen Gesellschaft f\u00fcr Parodontologie SSP\",\"isPartOf\":{\"@id\":\"https:\/\/parodontologie.ch\/#website\"},\"datePublished\":\"2021-06-21T08:37:11+00:00\",\"dateModified\":\"2026-03-02T08:56:06+00:00\",\"description\":\"Die Schweizerische Gesellschaft f\u00fcr Parodontologie SSP f\u00f6rdert die Pr\u00e4vention der parodontalen Gesundheit in Praxis, Lehre und Forschung\",\"breadcrumb\":{\"@id\":\"https:\/\/parodontologie.ch\/broschuren\/#breadcrumb\"},\"inLanguage\":\"it-IT\",\"potentialAction\":[{\"@type\":\"ReadAction\",\"target\":[\"https:\/\/parodontologie.ch\/broschuren\/\"]}]},{\"@type\":\"BreadcrumbList\",\"@id\":\"https:\/\/parodontologie.ch\/broschuren\/#breadcrumb\",\"itemListElement\":[{\"@type\":\"ListItem\",\"position\":1,\"name\":\"Home\",\"item\":\"https:\/\/parodontologie.ch\/\"},{\"@type\":\"ListItem\",\"position\":2,\"name\":\"Brosch\u00fcren\"}]},{\"@type\":\"WebSite\",\"@id\":\"https:\/\/parodontologie.ch\/#website\",\"url\":\"https:\/\/parodontologie.ch\/\",\"name\":\"Schweizerische Gesellschaft f\u00fcr Parodontologie: Herzlich willkommen!\",\"description\":\"Schweizerische Gesellschaft f\u00fcr Parodontologie\",\"publisher\":{\"@id\":\"https:\/\/parodontologie.ch\/#organization\"},\"potentialAction\":[{\"@type\":\"SearchAction\",\"target\":{\"@type\":\"EntryPoint\",\"urlTemplate\":\"https:\/\/parodontologie.ch\/?s={search_term_string}\"},\"query-input\":{\"@type\":\"PropertyValueSpecification\",\"valueRequired\":true,\"valueName\":\"search_term_string\"}}],\"inLanguage\":\"it-IT\"},{\"@type\":\"Organization\",\"@id\":\"https:\/\/parodontologie.ch\/#organization\",\"name\":\"Schweizerische Gesellschaft f\u00fcr Parodontologie SSP\",\"url\":\"https:\/\/parodontologie.ch\/\",\"logo\":{\"@type\":\"ImageObject\",\"inLanguage\":\"it-IT\",\"@id\":\"https:\/\/parodontologie.ch\/#\/schema\/logo\/image\/\",\"url\":\"https:\/\/parodontologie.ch\/wp-content\/uploads\/2021\/09\/Logo-SSP.png\",\"contentUrl\":\"https:\/\/parodontologie.ch\/wp-content\/uploads\/2021\/09\/Logo-SSP.png\",\"width\":1662,\"height\":733,\"caption\":\"Schweizerische Gesellschaft f\u00fcr Parodontologie SSP\"},\"image\":{\"@id\":\"https:\/\/parodontologie.ch\/#\/schema\/logo\/image\/\"}}]}<\/script>\n<!-- \/ Yoast SEO plugin. -->","yoast_head_json":{"title":"Benvenuti presso la Societ\u00e0 Svizzera di Parodontologia SSP","description":"Die Schweizerische Gesellschaft f\u00fcr Parodontologie SSP f\u00f6rdert die Pr\u00e4vention der parodontalen Gesundheit in Praxis, Lehre und Forschung","robots":{"index":"index","follow":"follow","max-snippet":"max-snippet:-1","max-image-preview":"max-image-preview:large","max-video-preview":"max-video-preview:-1"},"canonical":"https:\/\/parodontologie.ch\/it\/broschuren\/","og_locale":"it_IT","og_type":"article","og_title":"Willkommen bei der Schweizerischen Gesellschaft f\u00fcr Parodontologie SSP","og_description":"Die Schweizerische Gesellschaft f\u00fcr Parodontologie SSP f\u00f6rdert die Pr\u00e4vention der parodontalen Gesundheit in Praxis, Lehre und Forschung","og_url":"https:\/\/parodontologie.ch\/it\/broschuren\/","og_site_name":"Schweizerische Gesellschaft f\u00fcr Parodontologie: Herzlich willkommen!","article_modified_time":"2026-03-02T08:56:06+00:00","og_image":[{"width":1818,"height":1689,"url":"https:\/\/parodontologie.ch\/wp-content\/uploads\/2022\/02\/ssp-seo-logo.png","type":"image\/png"}],"twitter_card":"summary_large_image","twitter_title":"Willkommen bei der Schweizerischen Gesellschaft f\u00fcr Parodontologie SSP","twitter_description":"Die Schweizerische Gesellschaft f\u00fcr Parodontologie SSP f\u00f6rdert die Pr\u00e4vention der parodontalen Gesundheit in Praxis, Lehre und Forschung","twitter_image":"https:\/\/parodontologie.ch\/wp-content\/uploads\/2022\/02\/ssp-seo-logo.png","schema":{"@context":"https:\/\/schema.org","@graph":[{"@type":"WebPage","@id":"https:\/\/parodontologie.ch\/broschuren\/","url":"https:\/\/parodontologie.ch\/broschuren\/","name":"Benvenuti presso la Societ\u00e0 Svizzera di Parodontologia SSP","isPartOf":{"@id":"https:\/\/parodontologie.ch\/#website"},"datePublished":"2021-06-21T08:37:11+00:00","dateModified":"2026-03-02T08:56:06+00:00","description":"Die Schweizerische Gesellschaft f\u00fcr Parodontologie SSP f\u00f6rdert die Pr\u00e4vention der parodontalen Gesundheit in Praxis, Lehre und Forschung","breadcrumb":{"@id":"https:\/\/parodontologie.ch\/broschuren\/#breadcrumb"},"inLanguage":"it-IT","potentialAction":[{"@type":"ReadAction","target":["https:\/\/parodontologie.ch\/broschuren\/"]}]},{"@type":"BreadcrumbList","@id":"https:\/\/parodontologie.ch\/broschuren\/#breadcrumb","itemListElement":[{"@type":"ListItem","position":1,"name":"Home","item":"https:\/\/parodontologie.ch\/"},{"@type":"ListItem","position":2,"name":"Brosch\u00fcren"}]},{"@type":"WebSite","@id":"https:\/\/parodontologie.ch\/#website","url":"https:\/\/parodontologie.ch\/","name":"Schweizerische Gesellschaft f\u00fcr Parodontologie: Herzlich willkommen!","description":"Schweizerische Gesellschaft f\u00fcr Parodontologie","publisher":{"@id":"https:\/\/parodontologie.ch\/#organization"},"potentialAction":[{"@type":"SearchAction","target":{"@type":"EntryPoint","urlTemplate":"https:\/\/parodontologie.ch\/?s={search_term_string}"},"query-input":{"@type":"PropertyValueSpecification","valueRequired":true,"valueName":"search_term_string"}}],"inLanguage":"it-IT"},{"@type":"Organization","@id":"https:\/\/parodontologie.ch\/#organization","name":"Societ\u00e0 svizzera di parodontologia SSP","url":"https:\/\/parodontologie.ch\/","logo":{"@type":"ImageObject","inLanguage":"it-IT","@id":"https:\/\/parodontologie.ch\/#\/schema\/logo\/image\/","url":"https:\/\/parodontologie.ch\/wp-content\/uploads\/2021\/09\/Logo-SSP.png","contentUrl":"https:\/\/parodontologie.ch\/wp-content\/uploads\/2021\/09\/Logo-SSP.png","width":1662,"height":733,"caption":"Schweizerische Gesellschaft f\u00fcr Parodontologie SSP"},"image":{"@id":"https:\/\/parodontologie.ch\/#\/schema\/logo\/image\/"}}]}},"_links":{"self":[{"href":"https:\/\/parodontologie.ch\/it\/wp-json\/wp\/v2\/pages\/131","targetHints":{"allow":["GET"]}}],"collection":[{"href":"https:\/\/parodontologie.ch\/it\/wp-json\/wp\/v2\/pages"}],"about":[{"href":"https:\/\/parodontologie.ch\/it\/wp-json\/wp\/v2\/types\/page"}],"author":[{"embeddable":true,"href":"https:\/\/parodontologie.ch\/it\/wp-json\/wp\/v2\/users\/776"}],"replies":[{"embeddable":true,"href":"https:\/\/parodontologie.ch\/it\/wp-json\/wp\/v2\/comments?post=131"}],"version-history":[{"count":47,"href":"https:\/\/parodontologie.ch\/it\/wp-json\/wp\/v2\/pages\/131\/revisions"}],"predecessor-version":[{"id":7970,"href":"https:\/\/parodontologie.ch\/it\/wp-json\/wp\/v2\/pages\/131\/revisions\/7970"}],"wp:attachment":[{"href":"https:\/\/parodontologie.ch\/it\/wp-json\/wp\/v2\/media?parent=131"}],"curies":[{"name":"wp","href":"https:\/\/api.w.org\/{rel}","templated":true}]}}