{"id":1558,"date":"2021-07-12T00:09:25","date_gmt":"2021-07-12T00:09:25","guid":{"rendered":"http:\/\/167.172.166.52\/?page_id=1558"},"modified":"2025-07-04T09:14:34","modified_gmt":"2025-07-04T09:14:34","slug":"ssp-impressum","status":"publish","type":"page","link":"https:\/\/parodontologie.ch\/it\/ssp-impressum\/","title":{"rendered":"Impressum"},"content":{"rendered":"<h2 class=\"wp-block-heading\" id=\"page_title\">Verantwortliche f\u00fcr die Inhalte<\/h2>\r\n\r\n\r\n\r\n<p>SSP Administration<br \/>Burgerallee 29<br \/>2560 Nidau<\/p>\r\n\r\n\r\n\r\n<p>Tel 032 526 84 26<br \/><a href=\"mailto:%20%20%20%20%20info@parodontologie.ch\">info@parodontologie.ch<\/a><br \/><a href=\"https:\/\/parodontologie.ch\/it\/\" target=\"_blank\" rel=\"noreferrer noopener\">www.parodontologie.ch<\/a><\/p>\r\n\r\n\r\n\r\n<div class=\"wp-block-spacer\" style=\"height: 30px;\" aria-hidden=\"true\">\u00a0<\/div>\r\n\r\n\r\n\r\n<h2 class=\"wp-block-heading\">Webdesign<\/h2>\r\n\r\n\r\n\r\n<p>Newsroom Communication AG<br \/>Scheibenstrasse 25<br \/>3018 Bern<br \/><a href=\"https:\/\/newsroom.co\/\" target=\"_blank\" rel=\"noreferrer noopener\">www.newsroom.co<\/a><\/p>\r\n\r\n\r\n\r\n\r\n\r\n<div class=\"wp-block-spacer\" style=\"height: 30px;\" aria-hidden=\"true\">\u00a0<\/div>\r\n<div aria-hidden=\"true\">\r\n<h2>Webentwicklung und Hosting<\/h2>\r\n<p class=\"qrShPb pXs6bb PZPZlf q8U8x aTI8gc hNKfZe\" data-dtype=\"d3ifr\" data-local-attribute=\"d3bn\" data-attrid=\"title\" data-ved=\"2ahUKEwjQzL6jgKaFAxXG8AIHHQ3IAfIQ3B0oAHoECFUQAQ\">Fruitcake Communications AG<br \/>Bahnhofplatz 2<br \/>3110 M\u00fcnsingen<br \/><a href=\"https:\/\/fruitcake.ch\/\">www.fruitcake.ch<\/a><\/p>\r\n<\/div>\r\n<p data-dtype=\"d3ifr\" data-local-attribute=\"d3bn\" data-attrid=\"title\" data-ved=\"2ahUKEwjQzL6jgKaFAxXG8AIHHQ3IAfIQ3B0oAHoECFUQAQ\">\u00a0<\/p>\r\n\r\n\r\n\r\n<h2 class=\"wp-block-heading\">Abbildungen<\/h2>\r\n\r\n\r\n\r\n<p>Quelle: www.parodont.ch \/ CC-BY-NC-SA<br \/>Creative Common License: <a href=\"https:\/\/creativecommons.org\/licenses\/by-nc-sa\/4.0\/deed.de\" target=\"_blank\" rel=\"noreferrer noopener\">https:\/\/creativecommons.org\/licenses\/by-nc-sa\/4.0\/deed.de<\/a><\/p>\r\n\r\n\r\n\r\n<p>Bernadette Rawyler<br \/>Wissenschaftliche Illustratorin<br \/>Ressort f\u00fcr Multimedia, Zahnmedizinische Kliniken der Universit\u00e4t Bern<\/p>\r\n\r\n\r\n\r\n<div class=\"wp-block-spacer\" style=\"height: 30px;\" aria-hidden=\"true\">\u00a0<\/div>\r\n\r\n\r\n\r\n<p>Stand: 3. April 2024, Version 1.2<\/p>\r\n\r\n\r\n\r\n<div class=\"wp-block-spacer\" style=\"height: 30px;\" aria-hidden=\"true\">\u00a0<\/div>\r\n\r\n\r\n\r\n<div class=\"wp-block-buttons is-layout-flex wp-block-buttons-is-layout-flex\">\r\n<div class=\"wp-block-button\"><a class=\"wp-block-button__link\" href=\"https:\/\/parodontologie.ch\/wp-content\/uploads\/2022\/02\/V1.1-SSP-Impressum.pdf\" target=\"_blank\" rel=\"noreferrer noopener\">als PDF herunterladen<\/a><\/div>\r\n<\/div>","protected":false},"excerpt":{"rendered":"<p>Verantwortliche f\u00fcr die Inhalte SSP AdministrationBurgerallee 292560 Nidau Tel 032 526 84 26info@parodontologie.chwww.parodontologie.ch \u00a0 Webdesign Newsroom Communication AGScheibenstrasse 253018 Bernwww.newsroom.co \u00a0 Webentwicklung und Hosting Fruitcake Communications AGBahnhofplatz 23110 M\u00fcnsingenwww.fruitcake.ch \u00a0 Abbildungen Quelle: www.parodont.ch \/ CC-BY-NC-SACreative Common License: https:\/\/creativecommons.org\/licenses\/by-nc-sa\/4.0\/deed.de Bernadette RawylerWissenschaftliche IllustratorinRessort f\u00fcr Multimedia, Zahnmedizinische Kliniken der Universit\u00e4t Bern \u00a0 Stand: 3. April 2024, Version 1.2&#8230; <a href=\"https:\/\/parodontologie.ch\/it\/ssp-impressum\/\" class=\"excerpt-more\">continue reading.<\/a><\/p>","protected":false},"author":776,"featured_media":6021,"parent":0,"menu_order":0,"comment_status":"closed","ping_status":"closed","template":"","meta":{"_acf_changed":false,"footnotes":""},"class_list":["post-1558","page","type-page","status-publish","has-post-thumbnail","hentry"],"acf":[],"yoast_head":"<!-- This site is optimized with the Yoast SEO plugin v27.0 - https:\/\/yoast.com\/product\/yoast-seo-wordpress\/ -->\n<title>Willkommen bei der Schweizerischen Gesellschaft f\u00fcr Parodontologie SSP<\/title>\n<meta name=\"description\" content=\"Die Schweizerische Gesellschaft f\u00fcr Parodontologie SSP f\u00f6rdert die Pr\u00e4vention der parodontalen Gesundheit in Praxis, Lehre und Forschung\" \/>\n<meta name=\"robots\" content=\"index, follow, max-snippet:-1, max-image-preview:large, max-video-preview:-1\" \/>\n<link rel=\"canonical\" href=\"https:\/\/parodontologie.ch\/it\/ssp-impressum\/\" \/>\n<meta property=\"og:locale\" content=\"it_IT\" \/>\n<meta property=\"og:type\" content=\"article\" \/>\n<meta property=\"og:title\" content=\"Willkommen bei der Schweizerischen Gesellschaft f\u00fcr Parodontologie SSP\" \/>\n<meta property=\"og:description\" content=\"Die Schweizerische Gesellschaft f\u00fcr Parodontologie SSP f\u00f6rdert die Pr\u00e4vention der parodontalen Gesundheit in Praxis, Lehre und Forschung\" \/>\n<meta property=\"og:url\" content=\"https:\/\/parodontologie.ch\/it\/ssp-impressum\/\" \/>\n<meta property=\"og:site_name\" content=\"Schweizerische Gesellschaft f\u00fcr Parodontologie: Herzlich willkommen!\" \/>\n<meta property=\"article:modified_time\" content=\"2025-07-04T09:14:34+00:00\" \/>\n<meta property=\"og:image\" content=\"https:\/\/parodontologie.ch\/wp-content\/uploads\/2022\/02\/ssp-seo-logo.png\" \/>\n\t<meta property=\"og:image:width\" content=\"1818\" \/>\n\t<meta property=\"og:image:height\" content=\"1689\" \/>\n\t<meta property=\"og:image:type\" content=\"image\/png\" \/>\n<meta name=\"twitter:card\" content=\"summary_large_image\" \/>\n<meta name=\"twitter:title\" content=\"Willkommen bei der Schweizerischen Gesellschaft f\u00fcr Parodontologie SSP\" \/>\n<meta name=\"twitter:description\" content=\"Die Schweizerische Gesellschaft f\u00fcr Parodontologie SSP f\u00f6rdert die Pr\u00e4vention der parodontalen Gesundheit in Praxis, Lehre und Forschung\" \/>\n<meta name=\"twitter:image\" content=\"https:\/\/parodontologie.ch\/wp-content\/uploads\/2022\/02\/ssp-seo-logo.png\" \/>\n<meta name=\"twitter:label1\" content=\"Tempo di lettura stimato\" \/>\n\t<meta name=\"twitter:data1\" content=\"1 minuto\" \/>\n<script type=\"application\/ld+json\" class=\"yoast-schema-graph\">{\"@context\":\"https:\/\/schema.org\",\"@graph\":[{\"@type\":\"WebPage\",\"@id\":\"https:\/\/parodontologie.ch\/ssp-impressum\/\",\"url\":\"https:\/\/parodontologie.ch\/ssp-impressum\/\",\"name\":\"Willkommen bei der Schweizerischen Gesellschaft f\u00fcr Parodontologie SSP\",\"isPartOf\":{\"@id\":\"https:\/\/parodontologie.ch\/#website\"},\"primaryImageOfPage\":{\"@id\":\"https:\/\/parodontologie.ch\/ssp-impressum\/#primaryimage\"},\"image\":{\"@id\":\"https:\/\/parodontologie.ch\/ssp-impressum\/#primaryimage\"},\"thumbnailUrl\":\"https:\/\/parodontologie.ch\/wp-content\/uploads\/2022\/02\/ssp-seo-logo.png\",\"datePublished\":\"2021-07-12T00:09:25+00:00\",\"dateModified\":\"2025-07-04T09:14:34+00:00\",\"description\":\"Die Schweizerische Gesellschaft f\u00fcr Parodontologie SSP f\u00f6rdert die Pr\u00e4vention der parodontalen Gesundheit in Praxis, Lehre und Forschung\",\"breadcrumb\":{\"@id\":\"https:\/\/parodontologie.ch\/ssp-impressum\/#breadcrumb\"},\"inLanguage\":\"it-IT\",\"potentialAction\":[{\"@type\":\"ReadAction\",\"target\":[\"https:\/\/parodontologie.ch\/ssp-impressum\/\"]}]},{\"@type\":\"ImageObject\",\"inLanguage\":\"it-IT\",\"@id\":\"https:\/\/parodontologie.ch\/ssp-impressum\/#primaryimage\",\"url\":\"https:\/\/parodontologie.ch\/wp-content\/uploads\/2022\/02\/ssp-seo-logo.png\",\"contentUrl\":\"https:\/\/parodontologie.ch\/wp-content\/uploads\/2022\/02\/ssp-seo-logo.png\",\"width\":1818,\"height\":1689},{\"@type\":\"BreadcrumbList\",\"@id\":\"https:\/\/parodontologie.ch\/ssp-impressum\/#breadcrumb\",\"itemListElement\":[{\"@type\":\"ListItem\",\"position\":1,\"name\":\"Home\",\"item\":\"https:\/\/parodontologie.ch\/\"},{\"@type\":\"ListItem\",\"position\":2,\"name\":\"Impressum\"}]},{\"@type\":\"WebSite\",\"@id\":\"https:\/\/parodontologie.ch\/#website\",\"url\":\"https:\/\/parodontologie.ch\/\",\"name\":\"Schweizerische Gesellschaft f\u00fcr Parodontologie: Herzlich willkommen!\",\"description\":\"Schweizerische Gesellschaft f\u00fcr Parodontologie\",\"publisher\":{\"@id\":\"https:\/\/parodontologie.ch\/#organization\"},\"potentialAction\":[{\"@type\":\"SearchAction\",\"target\":{\"@type\":\"EntryPoint\",\"urlTemplate\":\"https:\/\/parodontologie.ch\/?s={search_term_string}\"},\"query-input\":{\"@type\":\"PropertyValueSpecification\",\"valueRequired\":true,\"valueName\":\"search_term_string\"}}],\"inLanguage\":\"it-IT\"},{\"@type\":\"Organization\",\"@id\":\"https:\/\/parodontologie.ch\/#organization\",\"name\":\"Schweizerische Gesellschaft f\u00fcr Parodontologie SSP\",\"url\":\"https:\/\/parodontologie.ch\/\",\"logo\":{\"@type\":\"ImageObject\",\"inLanguage\":\"it-IT\",\"@id\":\"https:\/\/parodontologie.ch\/#\/schema\/logo\/image\/\",\"url\":\"https:\/\/parodontologie.ch\/wp-content\/uploads\/2021\/09\/Logo-SSP.png\",\"contentUrl\":\"https:\/\/parodontologie.ch\/wp-content\/uploads\/2021\/09\/Logo-SSP.png\",\"width\":1662,\"height\":733,\"caption\":\"Schweizerische Gesellschaft f\u00fcr Parodontologie SSP\"},\"image\":{\"@id\":\"https:\/\/parodontologie.ch\/#\/schema\/logo\/image\/\"}}]}<\/script>\n<!-- \/ Yoast SEO plugin. -->","yoast_head_json":{"title":"Benvenuti presso la Societ\u00e0 Svizzera di Parodontologia SSP","description":"Die Schweizerische Gesellschaft f\u00fcr Parodontologie SSP f\u00f6rdert die Pr\u00e4vention der parodontalen Gesundheit in Praxis, Lehre und Forschung","robots":{"index":"index","follow":"follow","max-snippet":"max-snippet:-1","max-image-preview":"max-image-preview:large","max-video-preview":"max-video-preview:-1"},"canonical":"https:\/\/parodontologie.ch\/it\/ssp-impressum\/","og_locale":"it_IT","og_type":"article","og_title":"Willkommen bei der Schweizerischen Gesellschaft f\u00fcr Parodontologie SSP","og_description":"Die Schweizerische Gesellschaft f\u00fcr Parodontologie SSP f\u00f6rdert die Pr\u00e4vention der parodontalen Gesundheit in Praxis, Lehre und Forschung","og_url":"https:\/\/parodontologie.ch\/it\/ssp-impressum\/","og_site_name":"Schweizerische Gesellschaft f\u00fcr Parodontologie: Herzlich willkommen!","article_modified_time":"2025-07-04T09:14:34+00:00","og_image":[{"width":1818,"height":1689,"url":"https:\/\/parodontologie.ch\/wp-content\/uploads\/2022\/02\/ssp-seo-logo.png","type":"image\/png"}],"twitter_card":"summary_large_image","twitter_title":"Willkommen bei der Schweizerischen Gesellschaft f\u00fcr Parodontologie SSP","twitter_description":"Die Schweizerische Gesellschaft f\u00fcr Parodontologie SSP f\u00f6rdert die Pr\u00e4vention der parodontalen Gesundheit in Praxis, Lehre und Forschung","twitter_image":"https:\/\/parodontologie.ch\/wp-content\/uploads\/2022\/02\/ssp-seo-logo.png","twitter_misc":{"Tempo di lettura stimato":"1 minuto"},"schema":{"@context":"https:\/\/schema.org","@graph":[{"@type":"WebPage","@id":"https:\/\/parodontologie.ch\/ssp-impressum\/","url":"https:\/\/parodontologie.ch\/ssp-impressum\/","name":"Benvenuti presso la Societ\u00e0 Svizzera di Parodontologia SSP","isPartOf":{"@id":"https:\/\/parodontologie.ch\/#website"},"primaryImageOfPage":{"@id":"https:\/\/parodontologie.ch\/ssp-impressum\/#primaryimage"},"image":{"@id":"https:\/\/parodontologie.ch\/ssp-impressum\/#primaryimage"},"thumbnailUrl":"https:\/\/parodontologie.ch\/wp-content\/uploads\/2022\/02\/ssp-seo-logo.png","datePublished":"2021-07-12T00:09:25+00:00","dateModified":"2025-07-04T09:14:34+00:00","description":"Die Schweizerische Gesellschaft f\u00fcr Parodontologie SSP f\u00f6rdert die Pr\u00e4vention der parodontalen Gesundheit in Praxis, Lehre und Forschung","breadcrumb":{"@id":"https:\/\/parodontologie.ch\/ssp-impressum\/#breadcrumb"},"inLanguage":"it-IT","potentialAction":[{"@type":"ReadAction","target":["https:\/\/parodontologie.ch\/ssp-impressum\/"]}]},{"@type":"ImageObject","inLanguage":"it-IT","@id":"https:\/\/parodontologie.ch\/ssp-impressum\/#primaryimage","url":"https:\/\/parodontologie.ch\/wp-content\/uploads\/2022\/02\/ssp-seo-logo.png","contentUrl":"https:\/\/parodontologie.ch\/wp-content\/uploads\/2022\/02\/ssp-seo-logo.png","width":1818,"height":1689},{"@type":"BreadcrumbList","@id":"https:\/\/parodontologie.ch\/ssp-impressum\/#breadcrumb","itemListElement":[{"@type":"ListItem","position":1,"name":"Home","item":"https:\/\/parodontologie.ch\/"},{"@type":"ListItem","position":2,"name":"Impressum"}]},{"@type":"WebSite","@id":"https:\/\/parodontologie.ch\/#website","url":"https:\/\/parodontologie.ch\/","name":"Schweizerische Gesellschaft f\u00fcr Parodontologie: Herzlich willkommen!","description":"Schweizerische Gesellschaft f\u00fcr Parodontologie","publisher":{"@id":"https:\/\/parodontologie.ch\/#organization"},"potentialAction":[{"@type":"SearchAction","target":{"@type":"EntryPoint","urlTemplate":"https:\/\/parodontologie.ch\/?s={search_term_string}"},"query-input":{"@type":"PropertyValueSpecification","valueRequired":true,"valueName":"search_term_string"}}],"inLanguage":"it-IT"},{"@type":"Organization","@id":"https:\/\/parodontologie.ch\/#organization","name":"Societ\u00e0 svizzera di parodontologia SSP","url":"https:\/\/parodontologie.ch\/","logo":{"@type":"ImageObject","inLanguage":"it-IT","@id":"https:\/\/parodontologie.ch\/#\/schema\/logo\/image\/","url":"https:\/\/parodontologie.ch\/wp-content\/uploads\/2021\/09\/Logo-SSP.png","contentUrl":"https:\/\/parodontologie.ch\/wp-content\/uploads\/2021\/09\/Logo-SSP.png","width":1662,"height":733,"caption":"Schweizerische Gesellschaft f\u00fcr Parodontologie SSP"},"image":{"@id":"https:\/\/parodontologie.ch\/#\/schema\/logo\/image\/"}}]}},"_links":{"self":[{"href":"https:\/\/parodontologie.ch\/it\/wp-json\/wp\/v2\/pages\/1558","targetHints":{"allow":["GET"]}}],"collection":[{"href":"https:\/\/parodontologie.ch\/it\/wp-json\/wp\/v2\/pages"}],"about":[{"href":"https:\/\/parodontologie.ch\/it\/wp-json\/wp\/v2\/types\/page"}],"author":[{"embeddable":true,"href":"https:\/\/parodontologie.ch\/it\/wp-json\/wp\/v2\/users\/776"}],"replies":[{"embeddable":true,"href":"https:\/\/parodontologie.ch\/it\/wp-json\/wp\/v2\/comments?post=1558"}],"version-history":[{"count":62,"href":"https:\/\/parodontologie.ch\/it\/wp-json\/wp\/v2\/pages\/1558\/revisions"}],"predecessor-version":[{"id":7786,"href":"https:\/\/parodontologie.ch\/it\/wp-json\/wp\/v2\/pages\/1558\/revisions\/7786"}],"wp:featuredmedia":[{"embeddable":true,"href":"https:\/\/parodontologie.ch\/it\/wp-json\/wp\/v2\/media\/6021"}],"wp:attachment":[{"href":"https:\/\/parodontologie.ch\/it\/wp-json\/wp\/v2\/media?parent=1558"}],"curies":[{"name":"wp","href":"https:\/\/api.w.org\/{rel}","templated":true}]}}